{"id":145,"date":"2024-06-06T14:15:38","date_gmt":"2024-06-06T14:15:38","guid":{"rendered":"https:\/\/tienda.galeinai.org\/?post_type=product&#038;p=145"},"modified":"2026-05-01T19:05:53","modified_gmt":"2026-05-01T19:05:53","slug":"libro-digital-la-corporacion-dinamica","status":"publish","type":"product","link":"https:\/\/tienda.galeinai.org\/?product=libro-digital-la-corporacion-dinamica","title":{"rendered":"Libro digital &#8220;La Corporaci\u00f3n Din\u00e1mica&#8221;"},"content":{"rendered":"","protected":false},"excerpt":{"rendered":"<p>SERIE: LAS ENSE\u00d1ANZAS DE LA CABAL\u00c1<br \/>\nRabino Itzjak Ginsburgh<\/p>\n<p>Este libro es una traducci\u00f3n del original en ingl\u00e9s<br \/>\ndel libro The Dinamic Corporation, elaborado a partir<br \/>\nde una conferencia brindada el 28 de Tishrei, 5753<br \/>\n(25 de octubre de 1992) por el rabino Itzjak Ginsburgh<br \/>\nen Savion, Israel, a una audiencia de profesionales<br \/>\nde la administraci\u00f3n y los negocios.<br \/>\nEstas ideas y conceptos de Cabal\u00e1 aplicada a la<br \/>\neconom\u00eda, el rabino Ginsburgh las extiende a todas<br \/>\nlas disciplinas de la ciencia moderna, revelando la<br \/>\npertinencia y la actualidad de la relaci\u00f3n entre la<br \/>\nTor\u00e1 y la Ciencia. En nuestra \u00e9poca la ciencia lleg\u00f3 a<br \/>\nun elevado grado de conocimiento de la naturaleza,<\/p>\n<p>tanto micro como macro, y de esta manera puede<br \/>\nahora ser comprendida y comparada con los conocimientos<br \/>\ny sabidur\u00eda de la Tor\u00e1, a trav\u00e9s de la Cabal\u00e1<br \/>\ny el Jasidut,<\/p>\n","protected":false},"featured_media":243,"comment_status":"open","ping_status":"closed","template":"","meta":[],"product_brand":[],"product_cat":[20],"product_tag":[],"class_list":{"0":"post-145","1":"product","2":"type-product","3":"status-publish","4":"has-post-thumbnail","6":"product_cat-libros-virtuales","8":"first","9":"instock","10":"downloadable","11":"virtual","12":"purchasable","13":"product-type-simple"},"_links":{"self":[{"href":"https:\/\/tienda.galeinai.org\/index.php?rest_route=\/wp\/v2\/product\/145","targetHints":{"allow":["GET"]}}],"collection":[{"href":"https:\/\/tienda.galeinai.org\/index.php?rest_route=\/wp\/v2\/product"}],"about":[{"href":"https:\/\/tienda.galeinai.org\/index.php?rest_route=\/wp\/v2\/types\/product"}],"replies":[{"embeddable":true,"href":"https:\/\/tienda.galeinai.org\/index.php?rest_route=%2Fwp%2Fv2%2Fcomments&post=145"}],"version-history":[{"count":1,"href":"https:\/\/tienda.galeinai.org\/index.php?rest_route=\/wp\/v2\/product\/145\/revisions"}],"predecessor-version":[{"id":247,"href":"https:\/\/tienda.galeinai.org\/index.php?rest_route=\/wp\/v2\/product\/145\/revisions\/247"}],"wp:featuredmedia":[{"embeddable":true,"href":"https:\/\/tienda.galeinai.org\/index.php?rest_route=\/wp\/v2\/media\/243"}],"wp:attachment":[{"href":"https:\/\/tienda.galeinai.org\/index.php?rest_route=%2Fwp%2Fv2%2Fmedia&parent=145"}],"wp:term":[{"taxonomy":"product_brand","embeddable":true,"href":"https:\/\/tienda.galeinai.org\/index.php?rest_route=%2Fwp%2Fv2%2Fproduct_brand&post=145"},{"taxonomy":"product_cat","embeddable":true,"href":"https:\/\/tienda.galeinai.org\/index.php?rest_route=%2Fwp%2Fv2%2Fproduct_cat&post=145"},{"taxonomy":"product_tag","embeddable":true,"href":"https:\/\/tienda.galeinai.org\/index.php?rest_route=%2Fwp%2Fv2%2Fproduct_tag&post=145"}],"curies":[{"name":"wp","href":"https:\/\/api.w.org\/{rel}","templated":true}]}}