{"id":2381,"date":"2026-02-19T00:39:40","date_gmt":"2026-02-19T00:39:40","guid":{"rendered":"https:\/\/tienda.galeinai.org\/?post_type=product&#038;p=2381"},"modified":"2026-02-20T00:55:28","modified_gmt":"2026-02-20T00:55:28","slug":"modulo-1-clase-3-canales-de-vida","status":"publish","type":"product","link":"https:\/\/tienda.galeinai.org\/?product=modulo-1-clase-3-canales-de-vida","title":{"rendered":"Mo\u0301dulo 1 CLASE 3- CANALES DE VIDA"},"content":{"rendered":"<p><strong>INTRODUCCI\u00d3N AL SEFER IETZIR\u00c1<br \/>\nEL LIBRO DE LA FORMACI\u00d3N<br \/>\nIngenier\u00eda Divina y Psicolog\u00eda del Alma<\/strong><\/p>\n","protected":false},"excerpt":{"rendered":"<p>Objetivo: Entender la premisa b\u00e1sica del libro y la estructura de la<br \/>\nrealidad.<br \/>\n\u2022 Texto Base: Cap\u00edtulo 1, Mishn\u00e1 1.<br \/>\n\u2022 Temas:<br \/>\no Los 32 Senderos de Sabidur\u00eda: \u00bfPor qu\u00e9 32? (Lamed-<br \/>\nBet = Lev\/Coraz\u00f3n). La uni\u00f3n de los 10 N\u00fameros y las 22<br \/>\nLetras.<br \/>\no Los Tres &#8220;Libros&#8221;: Sefer (Espacio\/Forma), Sefar<br \/>\n(Tiempo\/Matem\u00e1tica), Sipur (Alma\/Relato). C\u00f3mo cada<br \/>\nobjeto tiene estas tres dimensiones.<br \/>\no Los Nombres de Dios: Por qu\u00e9 se usan nombres<br \/>\nespec\u00edficos (Kia, Havai\u00e1, Kel Shakai) para crear.<\/p>\n","protected":false},"featured_media":2401,"comment_status":"open","ping_status":"closed","template":"","meta":[],"product_brand":[],"product_cat":[137],"product_tag":[138,142,141,139],"class_list":{"0":"post-2381","1":"product","2":"type-product","3":"status-publish","4":"has-post-thumbnail","6":"product_cat-cursos","7":"product_tag-cursos","8":"product_tag-gal-einai","9":"product_tag-psicologia-del-alma","10":"product_tag-sefer-ietzira","12":"first","13":"instock","14":"sale","15":"downloadable","16":"shipping-taxable","17":"purchasable","18":"product-type-simple"},"_links":{"self":[{"href":"https:\/\/tienda.galeinai.org\/index.php?rest_route=\/wp\/v2\/product\/2381","targetHints":{"allow":["GET"]}}],"collection":[{"href":"https:\/\/tienda.galeinai.org\/index.php?rest_route=\/wp\/v2\/product"}],"about":[{"href":"https:\/\/tienda.galeinai.org\/index.php?rest_route=\/wp\/v2\/types\/product"}],"replies":[{"embeddable":true,"href":"https:\/\/tienda.galeinai.org\/index.php?rest_route=%2Fwp%2Fv2%2Fcomments&post=2381"}],"version-history":[{"count":0,"href":"https:\/\/tienda.galeinai.org\/index.php?rest_route=\/wp\/v2\/product\/2381\/revisions"}],"wp:featuredmedia":[{"embeddable":true,"href":"https:\/\/tienda.galeinai.org\/index.php?rest_route=\/wp\/v2\/media\/2401"}],"wp:attachment":[{"href":"https:\/\/tienda.galeinai.org\/index.php?rest_route=%2Fwp%2Fv2%2Fmedia&parent=2381"}],"wp:term":[{"taxonomy":"product_brand","embeddable":true,"href":"https:\/\/tienda.galeinai.org\/index.php?rest_route=%2Fwp%2Fv2%2Fproduct_brand&post=2381"},{"taxonomy":"product_cat","embeddable":true,"href":"https:\/\/tienda.galeinai.org\/index.php?rest_route=%2Fwp%2Fv2%2Fproduct_cat&post=2381"},{"taxonomy":"product_tag","embeddable":true,"href":"https:\/\/tienda.galeinai.org\/index.php?rest_route=%2Fwp%2Fv2%2Fproduct_tag&post=2381"}],"curies":[{"name":"wp","href":"https:\/\/api.w.org\/{rel}","templated":true}]}}