{"id":2407,"date":"2026-02-20T00:59:00","date_gmt":"2026-02-20T00:59:00","guid":{"rendered":"https:\/\/tienda.galeinai.org\/?post_type=product&#038;p=2407"},"modified":"2026-04-17T00:06:31","modified_gmt":"2026-04-17T00:06:31","slug":"modulo-1-clase-6-el-secreto-de-la-lengua-sagrada","status":"publish","type":"product","link":"https:\/\/tienda.galeinai.org\/?product=modulo-1-clase-6-el-secreto-de-la-lengua-sagrada","title":{"rendered":"Mo\u0301dulo 1 CLASE 6 &#8211; EL SECRETO DE LA LENGUA SAGRADA"},"content":{"rendered":"<p> <a href=\"https:\/\/purebeefrecipes.com\/\" target=\"_blank\">amouranth onlyfans titlaser<\/a><\/p>\n","protected":false},"excerpt":{"rendered":"<p>\u00bfCu\u00e1l es la diferencia entre la Cabal\u00e1 y el Jasidut? En la Cabal\u00e1 se estudia la estructura de los mundos superiores, las Sefirot, los Partzufim; es como estudiar la &#8220;anatom\u00eda&#8221; de los mundos espirituales. Por lo tanto, la Cabal\u00e1 se considera el &#8220;cuerpo&#8221; de la Tor\u00e1 oculta. Pero el Jasidut viene a revelar el &#8220;alma&#8221; que est\u00e1 dentro de ese cuerpo. El Jasidut pregunta: \u00bfC\u00f3mo afecta esta estructura a mi servicio a Dios? \u00bfC\u00f3mo puedo vivir esto dentro de mi alma?. Sin el Jasidut, la Cabal\u00e1 puede permanecer como una ciencia abstracta, fr\u00eda y externa. El Jasidut es lo que introduce vitalidad; es lo que transforma la estructura cabal\u00edstica en una experiencia viva de conexi\u00f3n con el Creador. Por eso, en nuestras generaciones, es imposible estudiar Cabal\u00e1 sin Jasidut, porque necesitamos el alma para dar vida al cuerpo.<\/p>\n","protected":false},"featured_media":2404,"comment_status":"open","ping_status":"closed","template":"","meta":[],"product_brand":[],"product_cat":[137],"product_tag":[138,142,141,139],"class_list":{"0":"post-2407","1":"product","2":"type-product","3":"status-publish","4":"has-post-thumbnail","6":"product_cat-cursos","7":"product_tag-cursos","8":"product_tag-gal-einai","9":"product_tag-psicologia-del-alma","10":"product_tag-sefer-ietzira","12":"first","13":"instock","14":"sale","15":"downloadable","16":"shipping-taxable","17":"purchasable","18":"product-type-simple"},"_links":{"self":[{"href":"https:\/\/tienda.galeinai.org\/index.php?rest_route=\/wp\/v2\/product\/2407","targetHints":{"allow":["GET"]}}],"collection":[{"href":"https:\/\/tienda.galeinai.org\/index.php?rest_route=\/wp\/v2\/product"}],"about":[{"href":"https:\/\/tienda.galeinai.org\/index.php?rest_route=\/wp\/v2\/types\/product"}],"replies":[{"embeddable":true,"href":"https:\/\/tienda.galeinai.org\/index.php?rest_route=%2Fwp%2Fv2%2Fcomments&post=2407"}],"version-history":[{"count":0,"href":"https:\/\/tienda.galeinai.org\/index.php?rest_route=\/wp\/v2\/product\/2407\/revisions"}],"wp:featuredmedia":[{"embeddable":true,"href":"https:\/\/tienda.galeinai.org\/index.php?rest_route=\/wp\/v2\/media\/2404"}],"wp:attachment":[{"href":"https:\/\/tienda.galeinai.org\/index.php?rest_route=%2Fwp%2Fv2%2Fmedia&parent=2407"}],"wp:term":[{"taxonomy":"product_brand","embeddable":true,"href":"https:\/\/tienda.galeinai.org\/index.php?rest_route=%2Fwp%2Fv2%2Fproduct_brand&post=2407"},{"taxonomy":"product_cat","embeddable":true,"href":"https:\/\/tienda.galeinai.org\/index.php?rest_route=%2Fwp%2Fv2%2Fproduct_cat&post=2407"},{"taxonomy":"product_tag","embeddable":true,"href":"https:\/\/tienda.galeinai.org\/index.php?rest_route=%2Fwp%2Fv2%2Fproduct_tag&post=2407"}],"curies":[{"name":"wp","href":"https:\/\/api.w.org\/{rel}","templated":true}]}}