{"id":2410,"date":"2026-02-20T01:01:04","date_gmt":"2026-02-20T01:01:04","guid":{"rendered":"https:\/\/tienda.galeinai.org\/?post_type=product&#038;p=2410"},"modified":"2026-02-20T01:01:04","modified_gmt":"2026-02-20T01:01:04","slug":"modulo-1-clase-7-32-senderos-maravillosos","status":"publish","type":"product","link":"https:\/\/tienda.galeinai.org\/?product=modulo-1-clase-7-32-senderos-maravillosos","title":{"rendered":"Mo\u0301dulo 1 CLASE 7 &#8211; 32 SENDEROS MARAVILLOSOS"},"content":{"rendered":"<p>M\u00f3dulo 1<br \/>\nCLASE 7<br \/>\nSEFER IETZIR\u00c1 Y<br \/>\n32 SENDEROS MARAVILLOSOS<\/p>\n","protected":false},"excerpt":{"rendered":"<p>Antes de la entrega de la Tor\u00e1, exist\u00eda en el mundo una realidad de &#8220;buen aroma&#8221;, un perfume de santidad. Pero desde que se entreg\u00f3 la Tor\u00e1, el mundo cambi\u00f3 en su naturaleza misma. A partir de entonces, los superiores descienden y los inferiores ascienden, porque la Tor\u00e1 sella un pacto de asociaci\u00f3n interna entre cielo y tierra. Los preceptos tienen el poder de elevar y adherir lo inferior con lo superior. El mundo regresa a su naturaleza primera y primordial, en la cual era absolutamente compatible con las palabras de la Tor\u00e1 de donde fue extra\u00eddo: &#8220;Mir\u00f3 en la Tor\u00e1 y cre\u00f3 el mundo&#8221;.<\/p>\n","protected":false},"featured_media":2403,"comment_status":"open","ping_status":"closed","template":"","meta":[],"product_brand":[],"product_cat":[137],"product_tag":[138,142,141,139],"class_list":{"0":"post-2410","1":"product","2":"type-product","3":"status-publish","4":"has-post-thumbnail","6":"product_cat-cursos","7":"product_tag-cursos","8":"product_tag-gal-einai","9":"product_tag-psicologia-del-alma","10":"product_tag-sefer-ietzira","12":"first","13":"instock","14":"sale","15":"downloadable","16":"shipping-taxable","17":"purchasable","18":"product-type-simple"},"_links":{"self":[{"href":"https:\/\/tienda.galeinai.org\/index.php?rest_route=\/wp\/v2\/product\/2410","targetHints":{"allow":["GET"]}}],"collection":[{"href":"https:\/\/tienda.galeinai.org\/index.php?rest_route=\/wp\/v2\/product"}],"about":[{"href":"https:\/\/tienda.galeinai.org\/index.php?rest_route=\/wp\/v2\/types\/product"}],"replies":[{"embeddable":true,"href":"https:\/\/tienda.galeinai.org\/index.php?rest_route=%2Fwp%2Fv2%2Fcomments&post=2410"}],"version-history":[{"count":0,"href":"https:\/\/tienda.galeinai.org\/index.php?rest_route=\/wp\/v2\/product\/2410\/revisions"}],"wp:featuredmedia":[{"embeddable":true,"href":"https:\/\/tienda.galeinai.org\/index.php?rest_route=\/wp\/v2\/media\/2403"}],"wp:attachment":[{"href":"https:\/\/tienda.galeinai.org\/index.php?rest_route=%2Fwp%2Fv2%2Fmedia&parent=2410"}],"wp:term":[{"taxonomy":"product_brand","embeddable":true,"href":"https:\/\/tienda.galeinai.org\/index.php?rest_route=%2Fwp%2Fv2%2Fproduct_brand&post=2410"},{"taxonomy":"product_cat","embeddable":true,"href":"https:\/\/tienda.galeinai.org\/index.php?rest_route=%2Fwp%2Fv2%2Fproduct_cat&post=2410"},{"taxonomy":"product_tag","embeddable":true,"href":"https:\/\/tienda.galeinai.org\/index.php?rest_route=%2Fwp%2Fv2%2Fproduct_tag&post=2410"}],"curies":[{"name":"wp","href":"https:\/\/api.w.org\/{rel}","templated":true}]}}