{"id":82,"date":"2024-05-18T15:16:03","date_gmt":"2024-05-18T15:16:03","guid":{"rendered":"https:\/\/tienda.galeinai.org\/?post_type=product&#038;p=82"},"modified":"2026-05-01T02:41:01","modified_gmt":"2026-05-01T02:41:01","slug":"libro-cabala-para-las-naciones","status":"publish","type":"product","link":"https:\/\/tienda.galeinai.org\/?product=libro-cabala-para-las-naciones","title":{"rendered":"Libro digital &#8220;Qu\u00e9 necesitas saber acerca de la CABAL\u00c1&#8221;"},"content":{"rendered":"","protected":false},"excerpt":{"rendered":"<p>COLECCI\u00d3N LAS ENSE\u00d1ANZAS<br \/>\nDE LA CABAL\u00c1<br \/>\nDel Rabino Itzjak Ginsburgh<\/p>\n<p>La palabra Cabal\u00e1 es traducida generalmente como la \u201cTradici\u00f3n<br \/>\nRecibida2\u201d, expresando en este sentido, la continuidad de una tradici\u00f3n<br \/>\nque ha sido transmitida de generaci\u00f3n en generaci\u00f3n. Pero si buscamos su<br \/>\norigen en la Tor\u00e13, Cabal\u00e1 proviene del verbo \u201ccorresponder\u201d o comparar,<br \/>\nhacer un paralelo. Uno podr\u00eda preguntarse: \u00bfQu\u00e9 relaci\u00f3n hay entre<br \/>\ncorrespondencia y misticismo?<br \/>\nLa respuesta breve es que conocemos las cosas del mundo a trav\u00e9s de<br \/>\nhacer correspondencias y comparaciones entre una cosa y otra. Inferimos<br \/>\nparalelos o similitudes entre aquello con lo que estamos familiarizados y<br \/>\nlo que tratamos de conocer o comprender. Esto es especialmente cierto<br \/>\ncuando los temas que estamos indagando son los aspectos rec\u00f3nditos,<br \/>\nsecretos y ocultos de la realidad.<\/p>\n","protected":false},"featured_media":245,"comment_status":"open","ping_status":"closed","template":"","meta":[],"product_brand":[],"product_cat":[20],"product_tag":[],"class_list":{"0":"post-82","1":"product","2":"type-product","3":"status-publish","4":"has-post-thumbnail","6":"product_cat-libros-virtuales","8":"first","9":"instock","10":"downloadable","11":"virtual","12":"purchasable","13":"product-type-simple"},"_links":{"self":[{"href":"https:\/\/tienda.galeinai.org\/index.php?rest_route=\/wp\/v2\/product\/82","targetHints":{"allow":["GET"]}}],"collection":[{"href":"https:\/\/tienda.galeinai.org\/index.php?rest_route=\/wp\/v2\/product"}],"about":[{"href":"https:\/\/tienda.galeinai.org\/index.php?rest_route=\/wp\/v2\/types\/product"}],"replies":[{"embeddable":true,"href":"https:\/\/tienda.galeinai.org\/index.php?rest_route=%2Fwp%2Fv2%2Fcomments&post=82"}],"version-history":[{"count":0,"href":"https:\/\/tienda.galeinai.org\/index.php?rest_route=\/wp\/v2\/product\/82\/revisions"}],"wp:featuredmedia":[{"embeddable":true,"href":"https:\/\/tienda.galeinai.org\/index.php?rest_route=\/wp\/v2\/media\/245"}],"wp:attachment":[{"href":"https:\/\/tienda.galeinai.org\/index.php?rest_route=%2Fwp%2Fv2%2Fmedia&parent=82"}],"wp:term":[{"taxonomy":"product_brand","embeddable":true,"href":"https:\/\/tienda.galeinai.org\/index.php?rest_route=%2Fwp%2Fv2%2Fproduct_brand&post=82"},{"taxonomy":"product_cat","embeddable":true,"href":"https:\/\/tienda.galeinai.org\/index.php?rest_route=%2Fwp%2Fv2%2Fproduct_cat&post=82"},{"taxonomy":"product_tag","embeddable":true,"href":"https:\/\/tienda.galeinai.org\/index.php?rest_route=%2Fwp%2Fv2%2Fproduct_tag&post=82"}],"curies":[{"name":"wp","href":"https:\/\/api.w.org\/{rel}","templated":true}]}}